{"id":16,"date":"2021-01-05T10:12:34","date_gmt":"2021-01-05T10:12:34","guid":{"rendered":"https:\/\/mit-sportwetten-geld-verdienen.digitale-infoprodukte.eu\/index.php\/mesmerize\/"},"modified":"2025-05-27T16:54:22","modified_gmt":"2025-05-27T16:54:22","slug":"mesmerize","status":"publish","type":"page","link":"https:\/\/mit-sportwetten-geld-verdienen.digitale-infoprodukte.eu\/","title":{"rendered":"Mit Sportwetten Geld verdienen"},"content":{"rendered":"<div id=\"about-1\" class=\"about-1 content-section\" style=\"background-color: #ffffff;\" data-label=\"About\" data-id=\"about--1\" data-export-id=\"about-1\" data-category=\"about\">\n<div class=\"gridContainer\">\n<div class=\"row text-center\">\n<div class=\"section-title-col\" data-type=\"column\">\n<h1 class=\"\" style=\"font-family: Playfair Display,sans-serif;\">Mit Sportwetten Geld verdienen<\/h1>\n<h2 class=\"\" style=\"font-family: Playfair Display,sans-serif;\">Die richtigen Systeme um mit Sportwetten Geld verdienen zu k\u00f6nnen<\/h2>\n<p class=\"lead\">Wer <a class=\"\" style=\"color: #333300;\" title=\"Mit Sportwetten Geld verdienen\" href=\"https:\/\/digitale-infoprodukte.eu\/Artikel-News-Blog\/Wettsysteme\/Mit-Sportwetten-Geld-verdienen\/4\/1?p=2\">mit Sportwetten Geld verdienen<\/a>\u00a0will, der wird nur selten Erfolg haben, wenn er lediglich aus dem Bauch und frei nach dem eigenen Gef\u00fchl her tippt. Viel h\u00e4ufiger sind es Nutzer von Buchmachern, die einem ganz bestimmten System folgen, welche dann am Ende auch tats\u00e4chlich am Ende des Tages mit einem Gewinn nach Hause gehen k\u00f6nnen und jenen dann bequem auf das eigene Konto \u00fcberweisen lassen. Da das genannte Ziel von immer mehr Menschen vehement verfolgt wird, lohnt sich ein ausf\u00fchrlicher Blick auf die Thematik im Rahmen dieses Artikels. Es soll dabei um\u00a0<strong>Wett Tipps und die entsprechenden Strategien gehen<\/strong>, die nicht selten den Unterschied zwischen den verschiedenen Tippern machen, welche Spieltag f\u00fcr Spieltag wieder ihr Gl\u00fcck versuchen. <a class=\"\" style=\"color: #333300;\" href=\"https:\/\/digitale-infoprodukte.eu\/Kategorie\/Wettsysteme\/28?p=2\">Wettsysteme<\/a>\u00a0k\u00f6nnen in nicht wenigen F\u00e4llen der endg\u00fcltige Schl\u00fcssel sein, um bei Sportwetten erfolgreich zu sein und auch langfristig mehr Geld zu gewinnen als einzuzahlen.<\/p>\n<a class=\"button blue\" style=\"margin-top: 15px; padding: 25px; font-size: 25px;\" href=\"https:\/\/digitale-infoprodukte.eu\/Kategorie\/Wettsysteme\/28\/?p=2\" target=\"_blank\" rel=\"noopener\" data-cp-link=\"1\">Wettsysteme<\/a>\n<p class=\"\"><\/p>\n\n<\/div>\n<\/div>\n<div class=\"row\">\n<div class=\"col-xs bottom-xs flexbox image-group-bottom-3-img space-bottom-xs center-xs\">\n\n<a class=\"left-img-anchor\" href=\"https:\/\/digitale-infoprodukte.eu\/Produkte\/Wettsysteme\/VIP-SPORTS-BETTING-ACADEMY-NR.1-GAMECHANGERSIGNALS\/541\/?p=2\" target=\"_blank\" rel=\"Betting Signale Sport noopener\" data-cp-link=\"1\"><img loading=\"lazy\" decoding=\"async\" class=\"alignnone\" title=\"T\u00e4glich Wettsignale f\u00fcr Sport Betting erhalten\" src=\"https:\/\/mit-sportwetten-geld-verdienen.digitale-infoprodukte.eu\/wp-content\/uploads\/2021\/01\/shutterstock_1577077522.jpg\" alt=\"erhalten sie t\u00e4gliche Signale f\u00fcr Sport Betting\" width=\"8732\" height=\"4912\" data-size=\"500x300\" \/><\/a>\n\n<a class=\"center-img-anchor\" href=\"https:\/\/digitale-infoprodukte.eu\/Kategorie\/Wettsysteme\/28\/?p=2\" target=\"_blank\" rel=\"noopener\"><img loading=\"lazy\" decoding=\"async\" class=\"alignnone\" title=\"Mit Sport Betting Geld verdienen\" src=\"https:\/\/mit-sportwetten-geld-verdienen.digitale-infoprodukte.eu\/wp-content\/uploads\/2021\/01\/cropped-cropped-shutterstock_1548994079-scaled-1-1.jpg\" alt=\"Mit Sport Bettng Geld verdienen online\" width=\"2133\" height=\"1280\" data-size=\"500x300\" \/><\/a> <a class=\"right-img-anchor\" href=\"https:\/\/digitale-infoprodukte.eu\/Produkte\/Wettsysteme\/Sportwetten-System-Insider-Masterkurs\/563\/?p=2\" target=\"_blank\" rel=\"Insider Masterkurs Sportwetten noopener\"><img loading=\"lazy\" decoding=\"async\" class=\"alignnone\" title=\"Sportwetten Insider Masterkurs\" src=\"https:\/\/mit-sportwetten-geld-verdienen.digitale-infoprodukte.eu\/wp-content\/uploads\/2021\/01\/cropped-cropped-shutterstock_1228238836-1.jpg\" alt=\"\" width=\"7952\" height=\"5304\" data-size=\"500x300\" \/><\/a>\n\n<\/div>\n<\/div>\n<\/div>\n<\/div>\n<div id=\"about-2\" class=\"about-4 content-section content-section-spacing\" style=\"background-color: #f5fafd; background-image: none;\" data-label=\"About\" data-id=\"about--2\" data-export-id=\"about-4\" data-category=\"about\">\n<div class=\"\">\n<div class=\"row middle-sm text-center\">\n<div class=\"col-sm-5 space-bottom-xs\" data-type=\"column\">\n<h3 class=\"\"><\/h3>\n<h3 class=\"\" style=\"margin-bottom: 16px;\">Um mit Sportwetten Geld verdienen zu k\u00f6nnen ben\u00f6tigt man nicht immer Insider Tipps<\/h3>\n<p class=\"lead\"><strong>Wer mit Wetten Geld verdienen m\u00f6chte<\/strong> der hat einen immensen Vorteil, wenn er \u00fcber ein gewisses Wissen verf\u00fcgt, das von internen Quellen aus einem der beiden Teams stammt. <strong><a class=\"\" style=\"color: #333300;\" href=\"https:\/\/digitale-infoprodukte.eu\/Produkte\/Wettsysteme\/Das-TippPiraten-Sportwettensystem-Mit-Wett-Strategie-zum-Erfolg\/539\/?p=2\">Wett Strategien<\/a>, die sich auf Insider Tipps st\u00fctzen<\/strong>, sind in ihrer Wett Art nicht unbedingt festgelegt, jedoch erfordern sie ein gewisses Ma\u00df an M\u00fche und Arbeit im Vorfeld der Partie. Besonders in unteren Ligen ist es gar m\u00f6glich, \u00fcber pers\u00f6nliche Kontakte zu Wissen zu gelangen, das am Ende f\u00fcr den Ausgang des Spiels eine Rolle spielen kann und bei dem es wichtig ist, es vor der eigentlichen Wette bereits im Kopf zu haben. Jene Tipps k\u00f6nnen durch Spieler, Verantwortliche oder Betreuer in die K\u00f6pfe der Tipper kommen und somit zu echten Vorteilen werden. Um <a class=\"\" href=\"https:\/\/digitale-infoprodukte.eu\/Produkte\/Wettsysteme\/Das-Sportwetten-Erfolgssystem\/304\/?p=2\"><strong>Gewinne mit Sportwetten<\/strong><\/a>\u00a0verwirklichen zu k\u00f6nnen und dabei von\u00a0<strong>Insidern<\/strong>\u00a0zu profitieren ist es aber auch m\u00f6glich, einfach die einschl\u00e4gigen Nachrichten und Sendungen zu studieren, in denen Woche f\u00fcr Woche die Experten \u00fcber die Teams sprechen. Im Doppelpass beim Sender Sport 1 beispielsweise sprechen an jedem Sonntag echte Kenner der Branche und ihr Wissen kann auch f\u00fcr\u00a0<strong>Tipper am Ende Gold wert sein<\/strong>, denn manchmal \u00e4ndert eine Expertenaussage auch noch einmal die eigene Sicht der Dinge und f\u00fchrt dazu, dass man einen anderen Tipp abgibt als urspr\u00fcnglich geplant.<\/p>\n<a class=\"button blue\" style=\"margin-top: 15px; padding: 25px; font-size: 25px;\" href=\"https:\/\/digitale-infoprodukte.eu\/Artikel-News-Blog\/Wettsysteme\/Mit-Sportwetten-Geld-verdienen\/4\/1\/?p=2\" target=\"_blank\" rel=\"noopener\" data-cp-link=\"1\">Mit Sportwetten Geld verdienen<\/a>\n\n<\/div>\n<div class=\"col-sm-7 flexbox center-xs middle-xs image-group-2-img\"><a class=\"img-1\" href=\"https:\/\/digitale-infoprodukte.eu\/Artikel-News-Blog\/Wettsysteme\/Mit-Sportwetten-Geld-verdienen\/4\/1\/?p=2\" target=\"_blank\" rel=\"Einkommen Wetten aufbauen mit noopener\"><img loading=\"lazy\" decoding=\"async\" class=\"alignnone\" title=\"erfolgreich mit Wetten ein Einkommen aufbauen\" src=\"https:\/\/mit-sportwetten-geld-verdienen.digitale-infoprodukte.eu\/wp-content\/uploads\/2021\/01\/cropped-shutterstock_1766062292-scaled-1.jpg\" alt=\"Gewinne mit Sportwetten\" width=\"2134\" height=\"1707\" data-size=\"250x200\" \/><\/a> <a class=\"img-2\" href=\"https:\/\/digitale-infoprodukte.eu\/Produkte\/Wettsysteme\/Sportwetten-Challenge-mit-System-zu-1000%E2%82%AC\/532\/?p=2\"><img loading=\"lazy\" decoding=\"async\" class=\"alignnone\" title=\"Sportwetten Challenge mit System gewinnen\" src=\"https:\/\/mit-sportwetten-geld-verdienen.digitale-infoprodukte.eu\/wp-content\/uploads\/2021\/01\/cropped-shutterstock_1694384443-1-scaled-1.jpg\" alt=\"Sportwetten mit System\" width=\"2210\" height=\"1708\" data-size=\"220x170\" \/><\/a><\/div>\n<\/div>\n<\/div>\n<\/div>\n<div id=\"content-1\" class=\"content-12 content-section content-section-spacing\" style=\"background-color: #ffffff; background-image: none;\" data-label=\"Content\" data-id=\"content--1\" data-export-id=\"content-12\" data-category=\"content\">\n<div class=\"gridContainer\">\n<div class=\"row text-center\">\n<h2 class=\"\">Sportwetten Strategien sollten frei von Emotionen sein<\/h2>\n<h3 class=\"\">Mit Sportwetten Geld verdienen und einen k\u00fchlen Kopf bewahren<\/h3>\n<p class=\"lead\"><strong>Wettsysteme gibt es auf dem wachsenden Markt der Sportwetten wie Sand am Meer<\/strong>\u00a0und es kommt am Ende wahrscheinlich weniger darauf an, ob man sich nun Wetten mit Value ausgeguckt hat oder nur auf Heimsiege tippt. Viel mehr ist es wichtig, dass man bei seinen Wett Tipps nicht von den eigenen Emotionen gelenkt wird, sondern nur von einer objektiven Einsch\u00e4tzung, die auf Fakten und Wissen beruht. Ein Fan von\u00a0<a class=\"\" href=\"https:\/\/www.dynamo-dresden.de\">Dynamo Dresden<\/a>\u00a0ist in der Regel vor einer Partie immer davon \u00fcberzeugt und guter Dinge, dass sein Team die Partie gewinnen wird. Dies ist bei einem Heimspiel gegen den SV Sandhausen ebenso der Fall wie bei einem Ausw\u00e4rtsspiel in der Allianz Arena gegen den FC Bayern M\u00fcnchen. Fanliebe zu einem Club ist etwas Wunderbares und dennoch ist sie beim Tippen eher eine Behinderung als ein Vorteil. Manche Tipper haben sich daher entschieden, \u00fcberhaupt nicht mehr auf die Spiele ihres eigenen Lieblingsvereins zu tippe, da das Wetten auf eine Niederlage schlicht und einfach nicht in Frage kommt.<\/p>\n\n<h3 class=\"\">Mit Sportwetten Geld verdienen und einen k\u00fchlen Kopf bewahren<\/h3>\n<p class=\"lead\">Wichtig ist es weiterhin, einen bestimmten Prozentsatz des vorhandenen Wettkapitals als maximalen Einsatz festzulegen und diesen dann auch quasi sklavisch nicht zu \u00fcberschreiten. Viele neigen dazu, wenn eine Wette verloren gegangen ist, mit der kommenden Wette den Verlust komplett ausgleichen zu wollen.\u00a0<strong>Um tats\u00e4chlich Gewinne mit Sportwetten einfahren<\/strong>\u00a0zu k\u00f6nnen und langfristig erfolgreich zu sein, sollten solche Ausbr\u00fcche und Versuche, mit einem Schlag alles wieder gut machen zu wollen, nicht vorkommen. Viel zu oft wird in diesen F\u00e4llen auch die n\u00e4chste Wette verloren, was auch daran liegt, dass sie mehr oder weniger aus der Wut heraus und ohne gro\u00dfe Analyse abgegeben worden ist. Auch nach verlorenen Wetten gilt es also, einen k\u00fchlen Kopf zu bewahren und an den\u00a0<strong>erarbeiteten Sportwetten Strategien festzuhalten<\/strong>, wenn man von ihnen auch wirklich \u00fcberzeugt ist und auf den langfristigen Erfolg vertraut.<\/p>\n\n<h3 class=\"\">Mit Sportwetten Geld verdienen und Value in den jeweiligen Quoten erkennen<\/h3>\n<p class=\"lead\">Wetten auf Teams f\u00fcr die die Statistik der letzten Wochen spricht und f\u00fcr die dennoch eine recht hohe Quote ausgelobt wird, sind in der Regel die willkommenste Gelegenheit, mit welcher in vollem Umfang von den\u00a0<strong>Chancen des Wettmarktes profitiert werden kann<\/strong>. Man spricht davon, dass in solchen F\u00e4llen ein sogenanntes Value vorliegt und die Wahrscheinlichkeit des Eintretens eines Ereignisses h\u00f6her ist, als es die vermeintlich zu\u00a0<strong>hohe Quote<\/strong>\u00a0vorgibt. Wer dies erkennen will, der muss sich im Vorfeld der Spiele aber intensiv mit der aktuellen Form, eventuellen Verletzungen und Besonderheiten im Vorfeld des Spiels auseinandersetzen. Insbesondere bei Spezialwetten, welche \u00fcber die klassische Dreiwegwette hinausgehen, kommt ein solcher Value immer mal wieder vor und f\u00fchrt zu einer einmaligen Gelegenheit f\u00fcr die Tipper.<\/p>\n<p class=\"lead\"><\/p>\n\n<\/div>\n<div class=\"row center-xs middle-xs\">\n<div class=\"col-sm-9\" data-type=\"column\"><a class=\"\" href=\"https:\/\/digitale-infoprodukte.eu\/News-Blog\/Wettsysteme\/28\/?p=2\"><img loading=\"lazy\" decoding=\"async\" class=\"alignnone\" title=\"Mit der richtigen Wett Strategie mit Sportwetten Geld verdienen\" src=\"https:\/\/mit-sportwetten-geld-verdienen.digitale-infoprodukte.eu\/wp-content\/uploads\/2021\/01\/cropped-shutterstock_411421249-scaled-1.jpg\" alt=\"Mit Sportwetten Geld verdienen funktioniert mit der richtigen Strategie\" width=\"2560\" height=\"1521\" \/><\/a><\/div>\n<\/div>\n<\/div>\n<\/div>\n<a class=\"button blue\" style=\"margin-top: 15px; padding: 25px; font-size: 25px;\" href=\"https:\/\/digitale-infoprodukte.eu\/Kategorie\/Wettsysteme\/28\/?p=2\" target=\"_blank\" rel=\"noopener\" data-cp-link=\"1\">Starte jetzt mit Sportwetten<\/a>\n<div id=\"about-3\" class=\"about-9 content-section content-section-spacing\" style=\"background-color: #f5fafd; background-image: none;\" data-label=\"About\" data-id=\"about--3\" data-export-id=\"about-9\" data-category=\"about\">\n<div class=\"gridContainer\">\n<div class=\"row middle-sm text-center\">\n<div class=\"col-sm-5 space-bottom-xs content-column content-right-sm\" data-type=\"column\">\n<h5 class=\"\"><\/h5>\n<h2 class=\"\" style=\"text-align: center;\">Mit Wetten Geld verdienen ist ein Marathon<\/h2>\n<p class=\"lead\" style=\"text-align: center;\">Die Frage, welche\u00a0<a class=\"\" href=\"https:\/\/digitale-infoprodukte.eu\/Produkte\/Wettsysteme\/Die-Pharell-Sportwetten-Strategie\/508\/?p=2\"><strong>Sportwetten Strategien<\/strong><\/a>\u00a0am Ende zum jeweiligen Tipper passen, ist ganz sicher nicht pauschal zu beantworten. Stattdessen gilt es f\u00fcr diejenigen, die\u00a0<strong>dauerhaft erfolgreich tippen<\/strong>\u00a0wollen, sich in den verschiedensten\u00a0<strong>Strategien<\/strong> (z.B. <a class=\"\" href=\"https:\/\/digitale-infoprodukte.eu\/Produkte\/Wettsysteme\/Asian-Power-Fussball-Wettstrategie\/224\/?p=2\">Asian Power Strategie<\/a>) zu probieren und dabei auch ehrlicherweise festzustellen, ob man zu dem System passt und hinter jenem steht. Hat man von Beginn an Zweifel, so f\u00fchrt dies wahrscheinlich dazu, dass man bei den ersten kleineren Misserfolgen dazu neigt, das System zu verwerfen und wieder auf eine andere Art und Weise zu tippen. Dann wird es nat\u00fcrlich schwierig zu \u00fcberpr\u00fcfen, ob man nun mit der getesteten Methode dauerhaft zum Erfolg gekommen w\u00e4re oder nicht..<\/p>\n<a class=\"button blue\" style=\"margin-top: 15px; padding: 25px; font-size: 25px;\" href=\"https:\/\/digitale-infoprodukte.eu\/Kategorie\/Wettsysteme\/28\/?p=2\" target=\"_blank\" rel=\"noopener\" data-cp-link=\"1\">Erfolgreich mit Sportwetten Geld verdienen<\/a>\n\n<\/div>\n<div class=\"col-sm-7 flexbox flexbox middle-xs center-xs space-bottom-xs\">\n<div class=\"overlay-box flexbox middle-xs center-xs overlay-holder \">\n<div class=\"overlay-box-offset offset-background shadow-medium bg-color2 hide-xs\"><\/div>\n<a class=\"\" href=\"https:\/\/digitale-infoprodukte.eu\/Produkte\/Wettsysteme\/DCD-Premium-Sport-Signals\/510\/?p=2\"><img loading=\"lazy\" decoding=\"async\" class=\"flexbox img1 alignnone\" title=\"Mit Sport Bettings online Geld verdienen\" src=\"https:\/\/mit-sportwetten-geld-verdienen.digitale-infoprodukte.eu\/wp-content\/uploads\/2021\/01\/cropped-shutterstock_1548994079-scaled-3.jpg\" alt=\"Online Geld mit Sport Bettings verdienen\" width=\"1544\" height=\"1280\" data-size=\"600x400\" \/><\/a>\n\n<\/div>\n<\/div>\n<\/div>\n<\/div>\n<\/div>","protected":false},"excerpt":{"rendered":"<p>Mit Sportwetten Geld verdienen Die richtigen Systeme um mit Sportwetten Geld verdienen zu k\u00f6nnen Wer mit Sportwetten Geld verdienen\u00a0will, der wird nur selten Erfolg haben, wenn er lediglich aus dem Bauch und frei nach dem eigenen Gef\u00fchl her tippt. Viel h\u00e4ufiger sind es Nutzer von Buchmachern, die einem ganz bestimmten System folgen, welche dann am&hellip; <br \/> <a class=\"read-more\" href=\"https:\/\/mit-sportwetten-geld-verdienen.digitale-infoprodukte.eu\/\">Weiterlesen<\/a><\/p>\n","protected":false},"author":1,"featured_media":0,"parent":0,"menu_order":0,"comment_status":"closed","ping_status":"closed","template":"page-templates\/homepage.php","meta":{"footnotes":""},"class_list":["post-16","page","type-page","status-publish","hentry"],"_links":{"self":[{"href":"https:\/\/mit-sportwetten-geld-verdienen.digitale-infoprodukte.eu\/index.php\/wp-json\/wp\/v2\/pages\/16","targetHints":{"allow":["GET"]}}],"collection":[{"href":"https:\/\/mit-sportwetten-geld-verdienen.digitale-infoprodukte.eu\/index.php\/wp-json\/wp\/v2\/pages"}],"about":[{"href":"https:\/\/mit-sportwetten-geld-verdienen.digitale-infoprodukte.eu\/index.php\/wp-json\/wp\/v2\/types\/page"}],"author":[{"embeddable":true,"href":"https:\/\/mit-sportwetten-geld-verdienen.digitale-infoprodukte.eu\/index.php\/wp-json\/wp\/v2\/users\/1"}],"replies":[{"embeddable":true,"href":"https:\/\/mit-sportwetten-geld-verdienen.digitale-infoprodukte.eu\/index.php\/wp-json\/wp\/v2\/comments?post=16"}],"version-history":[{"count":132,"href":"https:\/\/mit-sportwetten-geld-verdienen.digitale-infoprodukte.eu\/index.php\/wp-json\/wp\/v2\/pages\/16\/revisions"}],"predecessor-version":[{"id":251,"href":"https:\/\/mit-sportwetten-geld-verdienen.digitale-infoprodukte.eu\/index.php\/wp-json\/wp\/v2\/pages\/16\/revisions\/251"}],"wp:attachment":[{"href":"https:\/\/mit-sportwetten-geld-verdienen.digitale-infoprodukte.eu\/index.php\/wp-json\/wp\/v2\/media?parent=16"}],"curies":[{"name":"wp","href":"https:\/\/api.w.org\/{rel}","templated":true}]}}